{"id":1326,"date":"2025-04-26T13:37:42","date_gmt":"2025-04-26T11:37:42","guid":{"rendered":"https:\/\/blackminers-velenje.com\/?post_type=product&#038;p=1326"},"modified":"2025-04-26T13:38:23","modified_gmt":"2025-04-26T11:38:23","slug":"vbm-nalepka","status":"publish","type":"product","link":"https:\/\/blackminers-velenje.com\/index.php\/product\/vbm-nalepka\/","title":{"rendered":"VBM nalepka"},"content":{"rendered":"<p data-start=\"43\" data-end=\"470\">Poka\u017ei pripadnost svojemu klubu z uradno <strong data-start=\"134\" data-end=\"158\">Velenje Black Miners<\/strong> nalepko! Odli\u010dna za \u010delade, prenosnike, steklenice za vodo, avtomobile ali kjerkoli \u017eeli\u0161 ponosno predstaviti svoj klub. Na nalepki je prepoznaven Black Miners logotip ter spletna stran <strong data-start=\"345\" data-end=\"376\"><a class=\"\" href=\"http:\/\/www.blackminers-velenje.com\" target=\"_new\" rel=\"noopener\" data-start=\"347\" data-end=\"374\">www.blackminers-velenje.com<\/a><\/strong>, da vsi vedo, od kod prihajajo pravi borci.<\/p>\n","protected":false},"excerpt":{"rendered":"<p>Podpri Miners ekipo. Prilepi. Poka\u017ei ponos. \u2692\ufe0f<\/p>\n","protected":false},"featured_media":1324,"comment_status":"open","ping_status":"closed","template":"","meta":{"site-sidebar-layout":"default","site-content-layout":"","ast-site-content-layout":"default","site-content-style":"default","site-sidebar-style":"default","ast-global-header-display":"","ast-banner-title-visibility":"","ast-main-header-display":"","ast-hfb-above-header-display":"","ast-hfb-below-header-display":"","ast-hfb-mobile-header-display":"","site-post-title":"","ast-breadcrumbs-content":"","ast-featured-img":"","footer-sml-layout":"","theme-transparent-header-meta":"default","adv-header-id-meta":"","stick-header-meta":"","header-above-stick-meta":"","header-main-stick-meta":"","header-below-stick-meta":"","astra-migrate-meta-layouts":"set","ast-page-background-enabled":"default","ast-page-background-meta":{"desktop":{"background-color":"var(--ast-global-color-5)","background-image":"","background-repeat":"repeat","background-position":"center center","background-size":"auto","background-attachment":"scroll","background-type":"","background-media":"","overlay-type":"","overlay-color":"","overlay-opacity":"","overlay-gradient":""},"tablet":{"background-color":"","background-image":"","background-repeat":"repeat","background-position":"center center","background-size":"auto","background-attachment":"scroll","background-type":"","background-media":"","overlay-type":"","overlay-color":"","overlay-opacity":"","overlay-gradient":""},"mobile":{"background-color":"","background-image":"","background-repeat":"repeat","background-position":"center center","background-size":"auto","background-attachment":"scroll","background-type":"","background-media":"","overlay-type":"","overlay-color":"","overlay-opacity":"","overlay-gradient":""}},"ast-content-background-meta":{"desktop":{"background-color":"var(--ast-global-color-4)","background-image":"","background-repeat":"repeat","background-position":"center center","background-size":"auto","background-attachment":"scroll","background-type":"","background-media":"","overlay-type":"","overlay-color":"","overlay-opacity":"","overlay-gradient":""},"tablet":{"background-color":"var(--ast-global-color-4)","background-image":"","background-repeat":"repeat","background-position":"center center","background-size":"auto","background-attachment":"scroll","background-type":"","background-media":"","overlay-type":"","overlay-color":"","overlay-opacity":"","overlay-gradient":""},"mobile":{"background-color":"var(--ast-global-color-4)","background-image":"","background-repeat":"repeat","background-position":"center center","background-size":"auto","background-attachment":"scroll","background-type":"","background-media":"","overlay-type":"","overlay-color":"","overlay-opacity":"","overlay-gradient":""}},"_price":"1","_stock":"","_tribe_ticket_header":"","_tribe_default_ticket_provider":"","_tribe_ticket_capacity":"0","_ticket_start_date":"","_ticket_end_date":"","_tribe_ticket_show_description":"","_tribe_ticket_show_not_going":false,"_tribe_ticket_use_global_stock":"","_tribe_ticket_global_stock_level":"","_global_stock_mode":"","_global_stock_cap":"","_tribe_rsvp_for_event":"","_tribe_ticket_going_count":"","_tribe_ticket_not_going_count":"","_tribe_tickets_list":"[]","_tribe_ticket_has_attendee_info_fields":false},"product_brand":[],"product_cat":[15],"product_tag":[],"class_list":{"0":"post-1326","1":"product","2":"type-product","3":"status-publish","4":"has-post-thumbnail","6":"product_cat-uncategorized","7":"desktop-align-left","8":"tablet-align-left","9":"mobile-align-left","11":"first","12":"instock","13":"shipping-taxable","14":"purchasable","15":"product-type-simple"},"yoast_head":"<!-- This site is optimized with the Yoast SEO plugin v26.1.1 - https:\/\/yoast.com\/wordpress\/plugins\/seo\/ -->\n<title>VBM nalepka - BlackMiners - Velenje<\/title>\n<meta name=\"robots\" content=\"index, follow, max-snippet:-1, max-image-preview:large, max-video-preview:-1\" \/>\n<link rel=\"canonical\" href=\"https:\/\/blackminers-velenje.com\/index.php\/product\/vbm-nalepka\/\" \/>\n<meta property=\"og:locale\" content=\"en_US\" \/>\n<meta property=\"og:type\" content=\"article\" \/>\n<meta property=\"og:title\" content=\"VBM nalepka - BlackMiners - Velenje\" \/>\n<meta property=\"og:description\" content=\"Podpri Miners ekipo. Prilepi. Poka\u017ei ponos. \u2692\ufe0f\" \/>\n<meta property=\"og:url\" content=\"https:\/\/blackminers-velenje.com\/index.php\/product\/vbm-nalepka\/\" \/>\n<meta property=\"og:site_name\" content=\"BlackMiners - Velenje\" \/>\n<meta property=\"article:modified_time\" content=\"2025-04-26T11:38:23+00:00\" \/>\n<meta property=\"og:image\" content=\"https:\/\/blackminers-velenje.com\/wp-content\/uploads\/2025\/04\/ChatGPT-Image-26.-apr.-2025-13_34_13.png\" \/>\n\t<meta property=\"og:image:width\" content=\"1024\" \/>\n\t<meta property=\"og:image:height\" content=\"1024\" \/>\n\t<meta property=\"og:image:type\" content=\"image\/png\" \/>\n<meta name=\"twitter:card\" content=\"summary_large_image\" \/>\n<meta name=\"twitter:label1\" content=\"Est. reading time\" \/>\n\t<meta name=\"twitter:data1\" content=\"1 minute\" \/>\n<script type=\"application\/ld+json\" class=\"yoast-schema-graph\">{\"@context\":\"https:\/\/schema.org\",\"@graph\":[{\"@type\":\"WebPage\",\"@id\":\"https:\/\/blackminers-velenje.com\/index.php\/product\/vbm-nalepka\/\",\"url\":\"https:\/\/blackminers-velenje.com\/index.php\/product\/vbm-nalepka\/\",\"name\":\"VBM nalepka - BlackMiners - Velenje\",\"isPartOf\":{\"@id\":\"https:\/\/blackminers-velenje.com\/#website\"},\"primaryImageOfPage\":{\"@id\":\"https:\/\/blackminers-velenje.com\/index.php\/product\/vbm-nalepka\/#primaryimage\"},\"image\":{\"@id\":\"https:\/\/blackminers-velenje.com\/index.php\/product\/vbm-nalepka\/#primaryimage\"},\"thumbnailUrl\":\"https:\/\/blackminers-velenje.com\/wp-content\/uploads\/2025\/04\/ChatGPT-Image-26.-apr.-2025-13_34_13.png\",\"datePublished\":\"2025-04-26T11:37:42+00:00\",\"dateModified\":\"2025-04-26T11:38:23+00:00\",\"breadcrumb\":{\"@id\":\"https:\/\/blackminers-velenje.com\/index.php\/product\/vbm-nalepka\/#breadcrumb\"},\"inLanguage\":\"en-US\",\"potentialAction\":[{\"@type\":\"ReadAction\",\"target\":[\"https:\/\/blackminers-velenje.com\/index.php\/product\/vbm-nalepka\/\"]}]},{\"@type\":\"ImageObject\",\"inLanguage\":\"en-US\",\"@id\":\"https:\/\/blackminers-velenje.com\/index.php\/product\/vbm-nalepka\/#primaryimage\",\"url\":\"https:\/\/blackminers-velenje.com\/wp-content\/uploads\/2025\/04\/ChatGPT-Image-26.-apr.-2025-13_34_13.png\",\"contentUrl\":\"https:\/\/blackminers-velenje.com\/wp-content\/uploads\/2025\/04\/ChatGPT-Image-26.-apr.-2025-13_34_13.png\",\"width\":1024,\"height\":1024},{\"@type\":\"BreadcrumbList\",\"@id\":\"https:\/\/blackminers-velenje.com\/index.php\/product\/vbm-nalepka\/#breadcrumb\",\"itemListElement\":[{\"@type\":\"ListItem\",\"position\":1,\"name\":\"Home\",\"item\":\"https:\/\/blackminers-velenje.com\/\"},{\"@type\":\"ListItem\",\"position\":2,\"name\":\"Trgovina\",\"item\":\"https:\/\/blackminers-velenje.com\/index.php\/shop\/\"},{\"@type\":\"ListItem\",\"position\":3,\"name\":\"VBM nalepka\"}]},{\"@type\":\"WebSite\",\"@id\":\"https:\/\/blackminers-velenje.com\/#website\",\"url\":\"https:\/\/blackminers-velenje.com\/\",\"name\":\"BlackMiners - Velenje\",\"description\":\"\",\"publisher\":{\"@id\":\"https:\/\/blackminers-velenje.com\/#organization\"},\"potentialAction\":[{\"@type\":\"SearchAction\",\"target\":{\"@type\":\"EntryPoint\",\"urlTemplate\":\"https:\/\/blackminers-velenje.com\/?s={search_term_string}\"},\"query-input\":{\"@type\":\"PropertyValueSpecification\",\"valueRequired\":true,\"valueName\":\"search_term_string\"}}],\"inLanguage\":\"en-US\"},{\"@type\":\"Organization\",\"@id\":\"https:\/\/blackminers-velenje.com\/#organization\",\"name\":\"BlackMiners - Velenje\",\"url\":\"https:\/\/blackminers-velenje.com\/\",\"logo\":{\"@type\":\"ImageObject\",\"inLanguage\":\"en-US\",\"@id\":\"https:\/\/blackminers-velenje.com\/#\/schema\/logo\/image\/\",\"url\":\"https:\/\/blackminers-velenje.com\/wp-content\/uploads\/2025\/02\/cropped-cropped-vbm-e1739709056451.png\",\"contentUrl\":\"https:\/\/blackminers-velenje.com\/wp-content\/uploads\/2025\/02\/cropped-cropped-vbm-e1739709056451.png\",\"width\":466,\"height\":362,\"caption\":\"BlackMiners - Velenje\"},\"image\":{\"@id\":\"https:\/\/blackminers-velenje.com\/#\/schema\/logo\/image\/\"}}]}<\/script>\n<!-- \/ Yoast SEO plugin. -->","yoast_head_json":{"title":"VBM nalepka - BlackMiners - Velenje","robots":{"index":"index","follow":"follow","max-snippet":"max-snippet:-1","max-image-preview":"max-image-preview:large","max-video-preview":"max-video-preview:-1"},"canonical":"https:\/\/blackminers-velenje.com\/index.php\/product\/vbm-nalepka\/","og_locale":"en_US","og_type":"article","og_title":"VBM nalepka - BlackMiners - Velenje","og_description":"Podpri Miners ekipo. Prilepi. Poka\u017ei ponos. \u2692\ufe0f","og_url":"https:\/\/blackminers-velenje.com\/index.php\/product\/vbm-nalepka\/","og_site_name":"BlackMiners - Velenje","article_modified_time":"2025-04-26T11:38:23+00:00","og_image":[{"width":1024,"height":1024,"url":"https:\/\/blackminers-velenje.com\/wp-content\/uploads\/2025\/04\/ChatGPT-Image-26.-apr.-2025-13_34_13.png","type":"image\/png"}],"twitter_card":"summary_large_image","twitter_misc":{"Est. reading time":"1 minute"},"schema":{"@context":"https:\/\/schema.org","@graph":[{"@type":"WebPage","@id":"https:\/\/blackminers-velenje.com\/index.php\/product\/vbm-nalepka\/","url":"https:\/\/blackminers-velenje.com\/index.php\/product\/vbm-nalepka\/","name":"VBM nalepka - BlackMiners - Velenje","isPartOf":{"@id":"https:\/\/blackminers-velenje.com\/#website"},"primaryImageOfPage":{"@id":"https:\/\/blackminers-velenje.com\/index.php\/product\/vbm-nalepka\/#primaryimage"},"image":{"@id":"https:\/\/blackminers-velenje.com\/index.php\/product\/vbm-nalepka\/#primaryimage"},"thumbnailUrl":"https:\/\/blackminers-velenje.com\/wp-content\/uploads\/2025\/04\/ChatGPT-Image-26.-apr.-2025-13_34_13.png","datePublished":"2025-04-26T11:37:42+00:00","dateModified":"2025-04-26T11:38:23+00:00","breadcrumb":{"@id":"https:\/\/blackminers-velenje.com\/index.php\/product\/vbm-nalepka\/#breadcrumb"},"inLanguage":"en-US","potentialAction":[{"@type":"ReadAction","target":["https:\/\/blackminers-velenje.com\/index.php\/product\/vbm-nalepka\/"]}]},{"@type":"ImageObject","inLanguage":"en-US","@id":"https:\/\/blackminers-velenje.com\/index.php\/product\/vbm-nalepka\/#primaryimage","url":"https:\/\/blackminers-velenje.com\/wp-content\/uploads\/2025\/04\/ChatGPT-Image-26.-apr.-2025-13_34_13.png","contentUrl":"https:\/\/blackminers-velenje.com\/wp-content\/uploads\/2025\/04\/ChatGPT-Image-26.-apr.-2025-13_34_13.png","width":1024,"height":1024},{"@type":"BreadcrumbList","@id":"https:\/\/blackminers-velenje.com\/index.php\/product\/vbm-nalepka\/#breadcrumb","itemListElement":[{"@type":"ListItem","position":1,"name":"Home","item":"https:\/\/blackminers-velenje.com\/"},{"@type":"ListItem","position":2,"name":"Trgovina","item":"https:\/\/blackminers-velenje.com\/index.php\/shop\/"},{"@type":"ListItem","position":3,"name":"VBM nalepka"}]},{"@type":"WebSite","@id":"https:\/\/blackminers-velenje.com\/#website","url":"https:\/\/blackminers-velenje.com\/","name":"BlackMiners - Velenje","description":"","publisher":{"@id":"https:\/\/blackminers-velenje.com\/#organization"},"potentialAction":[{"@type":"SearchAction","target":{"@type":"EntryPoint","urlTemplate":"https:\/\/blackminers-velenje.com\/?s={search_term_string}"},"query-input":{"@type":"PropertyValueSpecification","valueRequired":true,"valueName":"search_term_string"}}],"inLanguage":"en-US"},{"@type":"Organization","@id":"https:\/\/blackminers-velenje.com\/#organization","name":"BlackMiners - Velenje","url":"https:\/\/blackminers-velenje.com\/","logo":{"@type":"ImageObject","inLanguage":"en-US","@id":"https:\/\/blackminers-velenje.com\/#\/schema\/logo\/image\/","url":"https:\/\/blackminers-velenje.com\/wp-content\/uploads\/2025\/02\/cropped-cropped-vbm-e1739709056451.png","contentUrl":"https:\/\/blackminers-velenje.com\/wp-content\/uploads\/2025\/02\/cropped-cropped-vbm-e1739709056451.png","width":466,"height":362,"caption":"BlackMiners - Velenje"},"image":{"@id":"https:\/\/blackminers-velenje.com\/#\/schema\/logo\/image\/"}}]}},"_links":{"self":[{"href":"https:\/\/blackminers-velenje.com\/index.php\/wp-json\/wp\/v2\/product\/1326","targetHints":{"allow":["GET"]}}],"collection":[{"href":"https:\/\/blackminers-velenje.com\/index.php\/wp-json\/wp\/v2\/product"}],"about":[{"href":"https:\/\/blackminers-velenje.com\/index.php\/wp-json\/wp\/v2\/types\/product"}],"replies":[{"embeddable":true,"href":"https:\/\/blackminers-velenje.com\/index.php\/wp-json\/wp\/v2\/comments?post=1326"}],"wp:featuredmedia":[{"embeddable":true,"href":"https:\/\/blackminers-velenje.com\/index.php\/wp-json\/wp\/v2\/media\/1324"}],"wp:attachment":[{"href":"https:\/\/blackminers-velenje.com\/index.php\/wp-json\/wp\/v2\/media?parent=1326"}],"wp:term":[{"taxonomy":"product_brand","embeddable":true,"href":"https:\/\/blackminers-velenje.com\/index.php\/wp-json\/wp\/v2\/product_brand?post=1326"},{"taxonomy":"product_cat","embeddable":true,"href":"https:\/\/blackminers-velenje.com\/index.php\/wp-json\/wp\/v2\/product_cat?post=1326"},{"taxonomy":"product_tag","embeddable":true,"href":"https:\/\/blackminers-velenje.com\/index.php\/wp-json\/wp\/v2\/product_tag?post=1326"}],"curies":[{"name":"wp","href":"https:\/\/api.w.org\/{rel}","templated":true}]}}